{"id":157,"date":"2023-11-23T13:05:11","date_gmt":"2023-11-23T13:05:11","guid":{"rendered":"http:\/\/nerea.wwwnl1-sr4.supercp.com\/?page_id=157"},"modified":"2023-11-29T07:49:45","modified_gmt":"2023-11-29T07:49:45","slug":"quien-soy","status":"publish","type":"page","link":"https:\/\/nerealarrea.com\/en\/quien-soy\/","title":{"rendered":"Quien soy"},"content":{"rendered":"<p>[et_pb_section fb_built=\u00bb1&#8243; admin_label=\u00bbHeader\u00bb _builder_version=\u00bb4.16&#8243; use_background_color_gradient=\u00bbon\u00bb background_color_gradient_stops=\u00bbrgba(0,19,46,0.6) 0%|rgba(0,19,46,0.6) 100%\u00bb background_color_gradient_overlays_image=\u00bbon\u00bb background_color_gradient_start=\u00bbrgba(0,19,46,0.6)\u00bb background_color_gradient_end=\u00bbrgba(0,19,46,0.6)\u00bb background_image=\u00bbhttps:\/\/nerealarrea.com\/wp-content\/uploads\/2023\/11\/financial-advisor-45.jpg\u00bb custom_padding=\u00bb||||false|false\u00bb global_colors_info=\u00bb{}\u00bb][et_pb_row _builder_version=\u00bb4.16&#8243; global_colors_info=\u00bb{}\u00bb][et_pb_column type=\u00bb4_4&#8243; _builder_version=\u00bb4.16&#8243; global_colors_info=\u00bb{}\u00bb][et_pb_text _builder_version=\u00bb4.23.1&#8243; header_font=\u00bbDarker Grotesque|900|||||||\u00bb header_font_size=\u00bb100px\u00bb background_layout=\u00bbdark\u00bb max_width=\u00bb760px\u00bb custom_margin=\u00bb||||false|false\u00bb header_font_size_tablet=\u00bb70px\u00bb header_font_size_phone=\u00bb60px\u00bb header_font_size_last_edited=\u00bbon|phone\u00bb global_colors_info=\u00bb{}\u00bb]<\/p>\n<h1>Nerea Larrea<\/h1>\n<p>[\/et_pb_text][\/et_pb_column][\/et_pb_row][\/et_pb_section][et_pb_section fb_built=\u00bb1&#8243; admin_label=\u00bbAbout\u00bb _builder_version=\u00bb4.16&#8243; background_image=\u00bbhttps:\/\/nerealarrea.com\/wp-content\/uploads\/2023\/11\/financial-advisor-18.png\u00bb background_size=\u00bbinitial\u00bb background_position=\u00bbtop_center\u00bb global_colors_info=\u00bb{}\u00bb][et_pb_row _builder_version=\u00bb4.16&#8243; global_colors_info=\u00bb{}\u00bb][et_pb_column type=\u00bb4_4&#8243; _builder_version=\u00bb4.16&#8243; global_colors_info=\u00bb{}\u00bb][et_pb_text _builder_version=\u00bb4.23.1&#8243; header_2_font=\u00bbDarker Grotesque|900|||||||\u00bb header_2_font_size=\u00bb60px\u00bb max_width=\u00bb700px\u00bb header_2_font_size_tablet=\u00bb42px\u00bb header_2_font_size_phone=\u00bb30px\u00bb header_2_font_size_last_edited=\u00bbon|phone\u00bb global_colors_info=\u00bb{}\u00bb]<\/p>\n<h2>Abogada laboralista y Consultora de Igualdad<\/h2>\n<p>[\/et_pb_text][\/et_pb_column][\/et_pb_row][et_pb_row column_structure=\u00bb1_2,1_2&#8243; custom_padding_last_edited=\u00bbon|desktop\u00bb _builder_version=\u00bb4.23.1&#8243; custom_padding=\u00bb0px|220px|||false|false\u00bb custom_padding_tablet=\u00bb|0px|||false|false\u00bb custom_padding_phone=\u00bb\u00bb global_colors_info=\u00bb{}\u00bb][et_pb_column type=\u00bb1_2&#8243; _builder_version=\u00bb4.16&#8243; global_colors_info=\u00bb{}\u00bb][et_pb_text _builder_version=\u00bb4.23.1&#8243; text_font=\u00bbDarker Grotesque|600|||||||\u00bb text_font_size=\u00bb22px\u00bb text_line_height=\u00bb1.4em\u00bb global_colors_info=\u00bb{}\u00bb]<\/p>\n<ul>\n<li><span> Master en <\/span><b>Igualdad<\/b><span> por la Universidad del Pa\u00eds Vasco, 2017<\/span><\/li>\n<li><span>Curso de Pr\u00e1ctica Jur\u00eddica en el Ilustre Colegio de la Abogac\u00eda de Bizkaia, 1994 &#8211; 1995<\/span><\/li>\n<\/ul>\n<p>[\/et_pb_text][\/et_pb_column][et_pb_column type=\u00bb1_2&#8243; module_id=\u00bbcol3&#8243; _builder_version=\u00bb4.23.1&#8243; global_colors_info=\u00bb{}\u00bb][et_pb_text _builder_version=\u00bb4.23.1&#8243; text_font=\u00bbDarker Grotesque|600|||||||\u00bb text_font_size=\u00bb22px\u00bb text_line_height=\u00bb1.4em\u00bb locked=\u00bboff\u00bb global_colors_info=\u00bb{}\u00bb]<\/p>\n<ul>\n<li><b>Licenciada en Derecho por la Universidad de Deusto<\/b><span>, 1992<\/span><\/li>\n<li><span>Preuniversitaria: Colegio Alem\u00e1n de Bilbao<\/span><\/li>\n<\/ul>\n<p>[\/et_pb_text][\/et_pb_column][\/et_pb_row][\/et_pb_section][et_pb_section fb_built=\u00bb1&#8243; admin_label=\u00bbOur Approch\u00bb _builder_version=\u00bb4.16&#8243; custom_padding=\u00bb0px||||false|false\u00bb global_colors_info=\u00bb{}\u00bb][et_pb_row column_structure=\u00bb1_3,2_3&#8243; _builder_version=\u00bb4.16&#8243; global_colors_info=\u00bb{}\u00bb][et_pb_column type=\u00bb1_3&#8243; _builder_version=\u00bb4.16&#8243; global_colors_info=\u00bb{}\u00bb][et_pb_image src=\u00bbhttps:\/\/nerealarrea.com\/wp-content\/uploads\/2023\/11\/NereaLarrea-1.jpg\u00bb title_text=\u00bbNereaLarrea\u00bb _builder_version=\u00bb4.23.1&#8243; custom_margin=\u00bb-64px|-8vw||-10vw|false|false\u00bb custom_margin_tablet=\u00bb0px|0vw||0vw|false|false\u00bb custom_margin_phone=\u00bb\u00bb custom_margin_last_edited=\u00bbon|tablet\u00bb global_colors_info=\u00bb{}\u00bb][\/et_pb_image][\/et_pb_column][et_pb_column type=\u00bb2_3&#8243; _builder_version=\u00bb4.16&#8243; background_color=\u00bb#f8f5f1&#8243; custom_padding=\u00bb120px|60px|120px|60px|true|true\u00bb custom_padding_tablet=\u00bb30px|30px|30px|30px|true|true\u00bb custom_padding_phone=\u00bb30px|20px|30px|20px|true|true\u00bb custom_padding_last_edited=\u00bbon|phone\u00bb global_colors_info=\u00bb{}\u00bb][et_pb_text _builder_version=\u00bb4.16&#8243; text_font_size=\u00bb22px\u00bb header_2_font=\u00bbDarker Grotesque|900|||||||\u00bb header_2_font_size=\u00bb60px\u00bb max_width=\u00bb700px\u00bb text_font_size_tablet=\u00bb\u00bb text_font_size_phone=\u00bb18px\u00bb text_font_size_last_edited=\u00bbon|phone\u00bb header_2_font_size_tablet=\u00bb42px\u00bb header_2_font_size_phone=\u00bb30px\u00bb header_2_font_size_last_edited=\u00bbon|phone\u00bb locked=\u00bboff\u00bb global_colors_info=\u00bb{}\u00bb]<\/p>\n<h2>Trayectoria Profesional<\/h2>\n<p>[\/et_pb_text][et_pb_text _builder_version=\u00bb4.16&#8243; text_font=\u00bbDarker Grotesque|600|||||||\u00bb text_text_color=\u00bb#283444&#8243; text_font_size=\u00bb22px\u00bb ul_line_height=\u00bb1.5em\u00bb text_font_size_tablet=\u00bb\u00bb text_font_size_phone=\u00bb18px\u00bb text_font_size_last_edited=\u00bbon|phone\u00bb locked=\u00bboff\u00bb global_colors_info=\u00bb{}\u00bb]<\/p>\n<ul>\n<li><b>Abogada laboralista <\/b><span>desde 1995. He representado tanto a personas trabajadoras como a pymes.<\/span><\/li>\n<\/ul>\n<p>[\/et_pb_text][et_pb_text _builder_version=\u00bb4.16&#8243; text_font=\u00bbDarker Grotesque|600|||||||\u00bb text_text_color=\u00bb#283444&#8243; text_font_size=\u00bb22px\u00bb ul_line_height=\u00bb1.5em\u00bb text_font_size_tablet=\u00bb\u00bb text_font_size_phone=\u00bb18px\u00bb text_font_size_last_edited=\u00bbon|phone\u00bb locked=\u00bboff\u00bb global_colors_info=\u00bb{}\u00bb]<\/p>\n<ul>\n<li><span>Titular de Despacho profesional propio desde 1995, dedicado principalmente a la asesor\u00eda legal de pymes en materia laboral y personas trabajadoras por cuenta ajena y propia, y a su defensa en juicio. Colaboro profesionalmente con m\u00faltiples despachos y consultoras.<\/span><\/li>\n<\/ul>\n<p>[\/et_pb_text][et_pb_text _builder_version=\u00bb4.16&#8243; text_font=\u00bbDarker Grotesque|600|||||||\u00bb text_text_color=\u00bb#283444&#8243; text_font_size=\u00bb22px\u00bb ul_line_height=\u00bb1.5em\u00bb text_font_size_tablet=\u00bb\u00bb text_font_size_phone=\u00bb18px\u00bb text_font_size_last_edited=\u00bbon|phone\u00bb locked=\u00bboff\u00bb global_colors_info=\u00bb{}\u00bb]<\/p>\n<ul>\n<li><span>Soy<\/span><b> asesora<\/b><span> jur\u00eddico-laboral de diferentes entidades y asociaciones, mayoritariamente de mujeres, como Madres Solteras por elecci\u00f3n MSPE.<\/span><\/li>\n<\/ul>\n<p>[\/et_pb_text][et_pb_text _builder_version=\u00bb4.16&#8243; text_font=\u00bbDarker Grotesque|600|||||||\u00bb text_text_color=\u00bb#283444&#8243; text_font_size=\u00bb22px\u00bb ul_line_height=\u00bb1.5em\u00bb text_font_size_tablet=\u00bb\u00bb text_font_size_phone=\u00bb18px\u00bb text_font_size_last_edited=\u00bbon|phone\u00bb locked=\u00bboff\u00bb global_colors_info=\u00bb{}\u00bb]<\/p>\n<ul>\n<li><span>He impartido formaci\u00f3n al funcionariado en diversas instituciones, principalmente en materia de <\/span><b>acoso sexual y por raz\u00f3n de sexo en el \u00e1mbito laboral.<\/b><\/li>\n<\/ul>\n<p>[\/et_pb_text][et_pb_image src=\u00bbhttps:\/\/nerealarrea.com\/wp-content\/uploads\/2023\/11\/financial-advisor-19.png\u00bb align=\u00bbright\u00bb _builder_version=\u00bb4.16&#8243; positioning=\u00bbabsolute\u00bb position_origin_a=\u00bbtop_right\u00bb position_origin_r=\u00bbbottom_right\u00bb vertical_offset=\u00bb-80px\u00bb horizontal_offset=\u00bb-8vw\u00bb scroll_vertical_motion_enable=\u00bbon\u00bb scroll_vertical_motion=\u00bb0|50|50|100|1|0|-1&#8243; scroll_rotating_enable=\u00bbon\u00bb scroll_rotating=\u00bb0|50|50|100|10\u00b0|0|-10\u00b0\u00bb locked=\u00bboff\u00bb global_colors_info=\u00bb{}\u00bb][\/et_pb_image][\/et_pb_column][\/et_pb_row][\/et_pb_section][et_pb_section fb_built=\u00bb1&#8243; admin_label=\u00bbFeatures\u00bb _builder_version=\u00bb4.16&#8243; background_image=\u00bbhttps:\/\/nerealarrea.com\/wp-content\/uploads\/2023\/11\/financial-advisor-shape-background-2-1.png\u00bb background_size=\u00bbinitial\u00bb background_position=\u00bbbottom_center\u00bb custom_padding=\u00bb||100px|||\u00bb module_alignment_tablet=\u00bbcenter\u00bb module_alignment_last_edited=\u00bboff|tablet\u00bb locked=\u00bboff\u00bb global_colors_info=\u00bb{}\u00bb][et_pb_row column_structure=\u00bb1_3,1_3,1_3&#8243; _builder_version=\u00bb4.23.1&#8243; global_colors_info=\u00bb{}\u00bb][et_pb_column type=\u00bb1_3&#8243; _builder_version=\u00bb4.23.1&#8243; background_color=\u00bb#283444&#8243; custom_padding=\u00bb30px|30px|30px|30px|true|true\u00bb custom_padding_tablet=\u00bb\u00bb custom_padding_phone=\u00bb|20px||20px|true|true\u00bb custom_padding_last_edited=\u00bbon|phone\u00bb link_option_url=\u00bbhttps:\/\/nerealarrea.com\/servicios\/#laboral\u00bb global_colors_info=\u00bb{}\u00bb][et_pb_text _builder_version=\u00bb4.23.1&#8243; text_font=\u00bbDarker Grotesque|600|||||||\u00bb text_text_color=\u00bb#ddccb8&#8243; text_font_size=\u00bb18px\u00bb text_line_height=\u00bb1.4em\u00bb header_font=\u00bbDarker Grotesque|900|||||||\u00bb header_text_color=\u00bb#ddccb8&#8243; header_font_size=\u00bb36px\u00bb header_2_font=\u00bbDarker Grotesque|900|||||||\u00bb header_2_text_color=\u00bb#ddccb8&#8243; header_2_font_size=\u00bb36px\u00bb header_3_font=\u00bbDarker Grotesque|900|||||||\u00bb header_3_text_color=\u00bb#ddccb8&#8243; header_3_font_size=\u00bb36px\u00bb header_4_font=\u00bbDarker Grotesque|900|||||||\u00bb header_4_text_color=\u00bb#ddccb8&#8243; header_4_font_size=\u00bb36px\u00bb header_5_font=\u00bbDarker Grotesque|900|||||||\u00bb header_5_text_color=\u00bb#ddccb8&#8243; header_5_font_size=\u00bb36px\u00bb header_6_font=\u00bbDarker Grotesque|900|||||||\u00bb header_6_text_color=\u00bb#ddccb8&#8243; header_6_font_size=\u00bb36px\u00bb background_layout=\u00bbdark\u00bb hover_enabled=\u00bb0&#8243; header_font_size_tablet=\u00bb30px\u00bb header_font_size_phone=\u00bb24px\u00bb header_font_size_last_edited=\u00bbon|phone\u00bb header_2_font_size_tablet=\u00bb30px\u00bb header_2_font_size_phone=\u00bb24px\u00bb header_2_font_size_last_edited=\u00bbon|phone\u00bb header_3_font_size_tablet=\u00bb30px\u00bb header_3_font_size_phone=\u00bb24px\u00bb header_3_font_size_last_edited=\u00bbon|phone\u00bb header_4_font_size_tablet=\u00bb30px\u00bb header_4_font_size_phone=\u00bb24px\u00bb header_4_font_size_last_edited=\u00bbon|phone\u00bb header_5_font_size_tablet=\u00bb30px\u00bb header_5_font_size_phone=\u00bb24px\u00bb header_5_font_size_last_edited=\u00bbon|phone\u00bb header_6_font_size_tablet=\u00bb30px\u00bb header_6_font_size_phone=\u00bb24px\u00bb header_6_font_size_last_edited=\u00bbon|phone\u00bb global_colors_info=\u00bb{}\u00bb sticky_enabled=\u00bb0&#8243;]<\/p>\n<h3><b>Asesora jur\u00eddico-laboral<\/b><\/h3>\n<p>[\/et_pb_text][et_pb_text _builder_version=\u00bb4.23.1&#8243; text_font=\u00bbDarker Grotesque|600|||||||\u00bb text_text_color=\u00bb#ddccb8&#8243; text_font_size=\u00bb18px\u00bb text_line_height=\u00bb1.4em\u00bb header_font=\u00bbDarker Grotesque|900|||||||\u00bb header_text_color=\u00bb#ddccb8&#8243; header_font_size=\u00bb36px\u00bb header_2_font=\u00bbDarker Grotesque|900|||||||\u00bb header_2_text_color=\u00bb#ddccb8&#8243; header_2_font_size=\u00bb36px\u00bb header_3_font=\u00bbDarker Grotesque|900|||||||\u00bb header_3_text_color=\u00bb#ddccb8&#8243; header_3_font_size=\u00bb36px\u00bb header_4_font=\u00bbDarker Grotesque|900|||||||\u00bb header_4_text_color=\u00bb#ddccb8&#8243; header_4_font_size=\u00bb36px\u00bb header_5_font=\u00bbDarker Grotesque|900|||||||\u00bb header_5_text_color=\u00bb#ddccb8&#8243; header_5_font_size=\u00bb36px\u00bb header_6_font=\u00bbDarker Grotesque|900|||||||\u00bb header_6_text_color=\u00bb#ddccb8&#8243; header_6_font_size=\u00bb36px\u00bb background_layout=\u00bbdark\u00bb custom_margin=\u00bb||||false|false\u00bb hover_enabled=\u00bb0&#8243; header_font_size_tablet=\u00bb30px\u00bb header_font_size_phone=\u00bb24px\u00bb header_font_size_last_edited=\u00bbon|phone\u00bb header_2_font_size_tablet=\u00bb30px\u00bb header_2_font_size_phone=\u00bb24px\u00bb header_2_font_size_last_edited=\u00bbon|phone\u00bb header_3_font_size_tablet=\u00bb30px\u00bb header_3_font_size_phone=\u00bb24px\u00bb header_3_font_size_last_edited=\u00bbon|phone\u00bb header_4_font_size_tablet=\u00bb30px\u00bb header_4_font_size_phone=\u00bb24px\u00bb header_4_font_size_last_edited=\u00bbon|phone\u00bb header_5_font_size_tablet=\u00bb30px\u00bb header_5_font_size_phone=\u00bb24px\u00bb header_5_font_size_last_edited=\u00bbon|phone\u00bb header_6_font_size_tablet=\u00bb30px\u00bb header_6_font_size_phone=\u00bb24px\u00bb header_6_font_size_last_edited=\u00bbon|phone\u00bb global_colors_info=\u00bb{}\u00bb sticky_enabled=\u00bb0&#8243;]<\/p>\n<p><span>Autora de varios informes jur\u00eddicos con <\/span><b>perspectiva de g\u00e9nero<\/b><span> a requerimiento de instituciones p\u00fablicas y de entidades privadas. <\/span>Puedes leer <a href=\"https:\/\/www.euskadi.eus\/contenidos\/informacion\/estatuto_mujeres_agricultoras\/es_def\/adjuntos\/Dossier_EstatutoMujerAgricultora_CAST.pdf\"><strong>estos textos<\/strong><\/a> accediendo a la web oficial del Gobierno Vasco.<\/p>\n<p>[\/et_pb_text][\/et_pb_column][et_pb_column type=\u00bb1_3&#8243; _builder_version=\u00bb4.23.1&#8243; background_color=\u00bb#ddccb8&#8243; custom_padding=\u00bb30px|30px|30px|30px|true|true\u00bb custom_padding_tablet=\u00bb\u00bb custom_padding_phone=\u00bb|20px||20px|true|true\u00bb custom_padding_last_edited=\u00bbon|phone\u00bb link_option_url=\u00bbhttps:\/\/nerealarrea.com\/servicios\/#igualdad\u00bb global_colors_info=\u00bb{}\u00bb][et_pb_image src=\u00bbhttps:\/\/nerealarrea.com\/wp-content\/uploads\/2023\/11\/financial-advisor-icon-10-2-1.png\u00bb _builder_version=\u00bb4.16&#8243; locked=\u00bboff\u00bb global_colors_info=\u00bb{}\u00bb][\/et_pb_image][et_pb_text _builder_version=\u00bb4.16&#8243; text_font=\u00bbDarker Grotesque|600|||||||\u00bb text_text_color=\u00bb#ddccb8&#8243; text_font_size=\u00bb18px\u00bb text_line_height=\u00bb1.4em\u00bb header_font=\u00bbDarker Grotesque|900|||||||\u00bb header_text_color=\u00bb#ddccb8&#8243; header_font_size=\u00bb36px\u00bb header_2_font=\u00bbDarker Grotesque|900|||||||\u00bb header_2_text_color=\u00bb#ddccb8&#8243; header_2_font_size=\u00bb36px\u00bb header_3_font=\u00bbDarker Grotesque|900|||||||\u00bb header_3_text_color=\u00bb#283444&#8243; header_3_font_size=\u00bb36px\u00bb header_4_font=\u00bbDarker Grotesque|900|||||||\u00bb header_4_text_color=\u00bb#ddccb8&#8243; header_4_font_size=\u00bb36px\u00bb header_5_font=\u00bbDarker Grotesque|900|||||||\u00bb header_5_text_color=\u00bb#ddccb8&#8243; header_5_font_size=\u00bb36px\u00bb header_6_font=\u00bbDarker Grotesque|900|||||||\u00bb header_6_text_color=\u00bb#ddccb8&#8243; header_6_font_size=\u00bb36px\u00bb header_font_size_tablet=\u00bb30px\u00bb header_font_size_phone=\u00bb24px\u00bb header_font_size_last_edited=\u00bbon|phone\u00bb header_2_font_size_tablet=\u00bb30px\u00bb header_2_font_size_phone=\u00bb24px\u00bb header_2_font_size_last_edited=\u00bbon|phone\u00bb header_3_font_size_tablet=\u00bb30px\u00bb header_3_font_size_phone=\u00bb24px\u00bb header_3_font_size_last_edited=\u00bbon|phone\u00bb header_4_font_size_tablet=\u00bb30px\u00bb header_4_font_size_phone=\u00bb24px\u00bb header_4_font_size_last_edited=\u00bbon|phone\u00bb header_5_font_size_tablet=\u00bb30px\u00bb header_5_font_size_phone=\u00bb24px\u00bb header_5_font_size_last_edited=\u00bbon|phone\u00bb header_6_font_size_tablet=\u00bb30px\u00bb header_6_font_size_phone=\u00bb24px\u00bb header_6_font_size_last_edited=\u00bbon|phone\u00bb locked=\u00bboff\u00bb global_colors_info=\u00bb{}\u00bb]<\/p>\n<h3>Consultora de Igualdad<\/h3>\n<p>[\/et_pb_text][et_pb_text _builder_version=\u00bb4.23.1&#8243; text_font=\u00bbDarker Grotesque|600|||||||\u00bb text_text_color=\u00bb#283444&#8243; text_font_size=\u00bb18px\u00bb text_line_height=\u00bb1.4em\u00bb header_font=\u00bbDarker Grotesque|900|||||||\u00bb header_text_color=\u00bb#ddccb8&#8243; header_font_size=\u00bb36px\u00bb header_2_font=\u00bbDarker Grotesque|900|||||||\u00bb header_2_text_color=\u00bb#ddccb8&#8243; header_2_font_size=\u00bb36px\u00bb header_3_font=\u00bbDarker Grotesque|900|||||||\u00bb header_3_text_color=\u00bb#ddccb8&#8243; header_3_font_size=\u00bb36px\u00bb header_4_font=\u00bbDarker Grotesque|900|||||||\u00bb header_4_text_color=\u00bb#ddccb8&#8243; header_4_font_size=\u00bb36px\u00bb header_5_font=\u00bbDarker Grotesque|900|||||||\u00bb header_5_text_color=\u00bb#ddccb8&#8243; header_5_font_size=\u00bb36px\u00bb header_6_font=\u00bbDarker Grotesque|900|||||||\u00bb header_6_text_color=\u00bb#ddccb8&#8243; header_6_font_size=\u00bb36px\u00bb background_layout=\u00bbdark\u00bb custom_margin=\u00bb25px||||false|false\u00bb header_font_size_tablet=\u00bb30px\u00bb header_font_size_phone=\u00bb24px\u00bb header_font_size_last_edited=\u00bbon|phone\u00bb header_2_font_size_tablet=\u00bb30px\u00bb header_2_font_size_phone=\u00bb24px\u00bb header_2_font_size_last_edited=\u00bbon|phone\u00bb header_3_font_size_tablet=\u00bb30px\u00bb header_3_font_size_phone=\u00bb24px\u00bb header_3_font_size_last_edited=\u00bbon|phone\u00bb header_4_font_size_tablet=\u00bb30px\u00bb header_4_font_size_phone=\u00bb24px\u00bb header_4_font_size_last_edited=\u00bbon|phone\u00bb header_5_font_size_tablet=\u00bb30px\u00bb header_5_font_size_phone=\u00bb24px\u00bb header_5_font_size_last_edited=\u00bbon|phone\u00bb header_6_font_size_tablet=\u00bb30px\u00bb header_6_font_size_phone=\u00bb24px\u00bb header_6_font_size_last_edited=\u00bbon|phone\u00bb locked=\u00bboff\u00bb global_colors_info=\u00bb{}\u00bb]<\/p>\n<p><span> He asesorado a las partes negociadoras de <\/span><b>Planes de Igualdad<\/b><span> en las empresas.<\/span><\/p>\n<p>[\/et_pb_text][\/et_pb_column][et_pb_column type=\u00bb1_3&#8243; module_id=\u00bbcol4&#8243; _builder_version=\u00bb4.23.1&#8243; background_color=\u00bb#fafafa\u00bb custom_padding=\u00bb50px|30px|50px|30px|true|true\u00bb link_option_url=\u00bbhttps:\/\/nerealarrea.com\/servicios\/#auditoria\u00bb global_colors_info=\u00bb{}\u00bb][et_pb_image src=\u00bbhttps:\/\/nerealarrea.com\/wp-content\/uploads\/2023\/11\/Rectangle-2.png\u00bb _builder_version=\u00bb4.16&#8243; positioning=\u00bbabsolute\u00bb position_origin_a=\u00bbtop_right\u00bb vertical_offset=\u00bb-40px\u00bb horizontal_offset=\u00bb-40px\u00bb global_colors_info=\u00bb{}\u00bb][\/et_pb_image][et_pb_text _builder_version=\u00bb4.23.1&#8243; header_3_font=\u00bbDarker Grotesque|900|||||||\u00bb header_3_text_color=\u00bb#283444&#8243; header_3_font_size=\u00bb36px\u00bb header_3_font_size_tablet=\u00bb30px\u00bb header_3_font_size_phone=\u00bb24px\u00bb header_3_font_size_last_edited=\u00bbon|tablet\u00bb global_colors_info=\u00bb{}\u00bb]<\/p>\n<h3><span>Realizo <\/span><b>Auditor\u00edas Retributivas<\/b><span> para los Planes de Igualdad.<\/span><\/h3>\n<p>[\/et_pb_text][\/et_pb_column][\/et_pb_row][\/et_pb_section]<\/p>","protected":false},"excerpt":{"rendered":"<p>Nerea LarreaAbogada laboralista y Consultora de Igualdad Master en Igualdad por la Universidad del Pa\u00eds Vasco, 2017 Curso de Pr\u00e1ctica Jur\u00eddica en el Ilustre Colegio de la Abogac\u00eda de Bizkaia, 1994 &#8211; 1995 Licenciada en Derecho por la Universidad de Deusto, 1992 Preuniversitaria: Colegio Alem\u00e1n de Bilbao Trayectoria Profesional Abogada laboralista desde 1995. He representado [&hellip;]<\/p>","protected":false},"author":2,"featured_media":0,"parent":0,"menu_order":0,"comment_status":"closed","ping_status":"closed","template":"","meta":{"_et_pb_use_builder":"on","_et_pb_old_content":"","_et_gb_content_width":"","footnotes":""},"class_list":["post-157","page","type-page","status-publish","hentry"],"_links":{"self":[{"href":"https:\/\/nerealarrea.com\/en\/wp-json\/wp\/v2\/pages\/157","targetHints":{"allow":["GET"]}}],"collection":[{"href":"https:\/\/nerealarrea.com\/en\/wp-json\/wp\/v2\/pages"}],"about":[{"href":"https:\/\/nerealarrea.com\/en\/wp-json\/wp\/v2\/types\/page"}],"author":[{"embeddable":true,"href":"https:\/\/nerealarrea.com\/en\/wp-json\/wp\/v2\/users\/2"}],"replies":[{"embeddable":true,"href":"https:\/\/nerealarrea.com\/en\/wp-json\/wp\/v2\/comments?post=157"}],"version-history":[{"count":10,"href":"https:\/\/nerealarrea.com\/en\/wp-json\/wp\/v2\/pages\/157\/revisions"}],"predecessor-version":[{"id":316,"href":"https:\/\/nerealarrea.com\/en\/wp-json\/wp\/v2\/pages\/157\/revisions\/316"}],"wp:attachment":[{"href":"https:\/\/nerealarrea.com\/en\/wp-json\/wp\/v2\/media?parent=157"}],"curies":[{"name":"wp","href":"https:\/\/api.w.org\/{rel}","templated":true}]}}